{"id":15,"date":"2017-12-13T14:46:37","date_gmt":"2017-12-13T14:46:37","guid":{"rendered":"http:\/\/vpd-betriebsrat.de\/?page_id=15"},"modified":"2022-05-18T12:05:47","modified_gmt":"2022-05-18T12:05:47","slug":"der-vpd-betriebsrat","status":"publish","type":"page","link":"https:\/\/vpd-betriebsrat.de\/","title":{"rendered":"Der VPD-Betriebsrat"},"content":{"rendered":"<p>Herzlich Willkommen zum Internet-Auftritt des Betriebsrates der VPD Mettmann gGmbH.<\/p>\n<p>Wir freuen uns, in den n\u00e4chsten vier Jahren Ansprechpartner f\u00fcr die Belange unserer Kolleginnen und Kollegen, aber auch m\u00f6glicherweise f\u00fcr andere Betriebsr\u00e4te \u00e4hnlicher Organisationen zu sein.<\/p>\n<p>Diese Internet-Seite ist in einen \u00f6ffentlichen, f\u00fcr jeden sichtbaren Bereich, einen Bereich, der nur f\u00fcr VPD-Angestellte sowie einen dritten Bereich, der f\u00fcr die interne Arbeit des Betriebsrates bestimmt ist, unterteilt.<\/p>\n<p>Die Internet-Seite selbst ist frei von kommerziellen Interessen. Wir bem\u00fchen uns hier, m\u00f6glichst keinerlei Daten unserer Seiten-Besucher zu speichern und verpflichten uns, auch keine Daten, die uns \u00fcber diese Seite bekannt werden, an Dritte weiterzugeben.<\/p>\n<p>\u00dcber Fragen zu unserer Arbeit oder dieser Internetseite freuen wir uns. <a href=\"https:\/\/vpd-betriebsrat.de\/?page_id=655\">Klicke auch f\u00fcr sonstige Anliegen hier!<\/a><\/p>\n<p>Viele Gr\u00fc\u00dfe<\/p>\n<p><strong><em>Bernd R\u00f6\u00dfel<\/em><\/strong><\/p>\n<p>(Betriebsratsvorsitzender)<\/p>\n<hr \/>\n<p><a href=\"https:\/\/vpd-betriebsrat.de\/?page_id=188\">Betriebsratsmitglieder<\/a><\/p>\n<p><a href=\"http:\/\/vpd-betriebsrat.de\/wp-content\/uploads\/2022\/05\/Geschaeftsordnung-VPD-BR-19_05_2022.pdf\" target=\"_blank\" rel=\"noopener\">Gesch\u00e4ftsordnung<\/a><\/p>\n","protected":false},"excerpt":{"rendered":"<p>Herzlich Willkommen zum Internet-Auftritt des Betriebsrates der VPD Mettmann gGmbH. Wir freuen uns, in den n\u00e4chsten vier Jahren Ansprechpartner f\u00fcr die Belange unserer Kolleginnen und Kollegen, aber auch m\u00f6glicherweise f\u00fcr andere Betriebsr\u00e4te \u00e4hnlicher Organisationen zu sein. Diese Internet-Seite ist in einen \u00f6ffentlichen, f\u00fcr jeden sichtbaren Bereich, einen Bereich, der nur f\u00fcr VPD-Angestellte sowie einen dritten &hellip; <a href=\"https:\/\/vpd-betriebsrat.de\/\" class=\"more-link\"><span class=\"screen-reader-text\">Der VPD-Betriebsrat<\/span> weiterlesen<\/a><\/p>\n","protected":false},"author":1,"featured_media":0,"parent":0,"menu_order":0,"comment_status":"closed","ping_status":"closed","template":"","meta":{"footnotes":""},"class_list":["post-15","page","type-page","status-publish","hentry"],"_links":{"self":[{"href":"https:\/\/vpd-betriebsrat.de\/index.php?rest_route=\/wp\/v2\/pages\/15","targetHints":{"allow":["GET"]}}],"collection":[{"href":"https:\/\/vpd-betriebsrat.de\/index.php?rest_route=\/wp\/v2\/pages"}],"about":[{"href":"https:\/\/vpd-betriebsrat.de\/index.php?rest_route=\/wp\/v2\/types\/page"}],"author":[{"embeddable":true,"href":"https:\/\/vpd-betriebsrat.de\/index.php?rest_route=\/wp\/v2\/users\/1"}],"replies":[{"embeddable":true,"href":"https:\/\/vpd-betriebsrat.de\/index.php?rest_route=%2Fwp%2Fv2%2Fcomments&post=15"}],"version-history":[{"count":14,"href":"https:\/\/vpd-betriebsrat.de\/index.php?rest_route=\/wp\/v2\/pages\/15\/revisions"}],"predecessor-version":[{"id":701,"href":"https:\/\/vpd-betriebsrat.de\/index.php?rest_route=\/wp\/v2\/pages\/15\/revisions\/701"}],"wp:attachment":[{"href":"https:\/\/vpd-betriebsrat.de\/index.php?rest_route=%2Fwp%2Fv2%2Fmedia&parent=15"}],"curies":[{"name":"wp","href":"https:\/\/api.w.org\/{rel}","templated":true}]}}