{"id":393,"date":"2022-03-07T08:51:59","date_gmt":"2022-03-07T08:51:59","guid":{"rendered":"https:\/\/vpd-betriebsrat.de\/?page_id=393"},"modified":"2022-03-16T10:48:37","modified_gmt":"2022-03-16T10:48:37","slug":"vpd-betriebsratswahl-2022","status":"publish","type":"page","link":"https:\/\/vpd-betriebsrat.de\/?page_id=393","title":{"rendered":"VPD-Betriebsratswahl 2022"},"content":{"rendered":"<p>Liebe Kolleginnen und Kollegen,<\/p>\n<p>alle 4 Jahre ist es wieder soweit: der Betriebsrat muss neu gew\u00e4hlt werden. Diesmal sind es blo\u00df sieben Personen, die in den Betriebsrat gew\u00e4hlt werden k\u00f6nnen.<\/p>\n<p>Die Wahl findet am <span style=\"color: #ff0000;\"><strong>27.04.2022<\/strong><\/span> von <strong><span style=\"color: #ff0000;\">8:00 bis 16:00<\/span><\/strong> statt. Das Wahllokal wird in der <strong><span style=\"color: #ff0000;\">Tagesst\u00e4tte im 3. OG<\/span> <\/strong>eingerichtet.<\/p>\n<p>Bis dahin m\u00fcssen noch einige Dinge passieren, wie z.B. Ver\u00f6ffentlichung der W\u00e4hler- und W\u00e4hlerinnenlisten, Bekanntmachung der Wahlordnung etc. .<\/p>\n<p>Wir versuchen, das hier auf dieser Seite alles so ordnungsgem\u00e4\u00df wie nur irgendwie m\u00f6glich zu organisieren, bitten aber auch, uns auf Fehler oder Ungereimtheiten hinzuweisen, damit nicht am Ende irgend jemand benachteiligt wird.<\/p>\n<p>Der Bestand der Dokumente, die sich hier ansammeln, wird bis zur Wahl kontinuierlich erg\u00e4nzt, jedes Mal per Mail an Euch angek\u00fcndigt, so dass m\u00f6glichst keine Information verpasst wird.<\/p>\n<p>Sch\u00f6n w\u00e4re auch, wenn die etwas technikaffineren Mitarbeiter*innen ihre Kolleg*innen, die nicht so viel Gelegenheit haben, mal ihren Rechner anzuschalten, auf wichtige Infos hinweisen w\u00fcrden.<\/p>\n<p>Bis zum n\u00e4chsten Update gr\u00fc\u00dft Euch<\/p>\n<p><em><strong>Bernd R\u00f6\u00dfel<\/strong><\/em><\/p>\n<hr \/>\n<p><a href=\"https:\/\/vpd-betriebsrat.de\/?page_id=420\">Kandidatinnen und Kandidaten f\u00fcr die Wahl 2022<\/a><\/p>\n<p><a href=\"https:\/\/vpd-betriebsrat.de\/?page_id=424\">Dokumente zur Betriebsratswahl 2022<\/a><\/p>\n<p>&nbsp;<\/p>\n","protected":false},"excerpt":{"rendered":"<p>Liebe Kolleginnen und Kollegen, alle 4 Jahre ist es wieder soweit: der Betriebsrat muss neu gew\u00e4hlt werden. Diesmal sind es blo\u00df sieben Personen, die in den Betriebsrat gew\u00e4hlt werden k\u00f6nnen. Die Wahl findet am 27.04.2022 von 8:00 bis 16:00 statt. Das Wahllokal wird in der Tagesst\u00e4tte im 3. OG eingerichtet. Bis dahin m\u00fcssen noch einige &hellip; <a href=\"https:\/\/vpd-betriebsrat.de\/?page_id=393\" class=\"more-link\"><span class=\"screen-reader-text\">VPD-Betriebsratswahl 2022<\/span> weiterlesen<\/a><\/p>\n","protected":false},"author":1,"featured_media":0,"parent":118,"menu_order":0,"comment_status":"closed","ping_status":"closed","template":"","meta":{"footnotes":""},"class_list":["post-393","page","type-page","status-publish","hentry"],"_links":{"self":[{"href":"https:\/\/vpd-betriebsrat.de\/index.php?rest_route=\/wp\/v2\/pages\/393","targetHints":{"allow":["GET"]}}],"collection":[{"href":"https:\/\/vpd-betriebsrat.de\/index.php?rest_route=\/wp\/v2\/pages"}],"about":[{"href":"https:\/\/vpd-betriebsrat.de\/index.php?rest_route=\/wp\/v2\/types\/page"}],"author":[{"embeddable":true,"href":"https:\/\/vpd-betriebsrat.de\/index.php?rest_route=\/wp\/v2\/users\/1"}],"replies":[{"embeddable":true,"href":"https:\/\/vpd-betriebsrat.de\/index.php?rest_route=%2Fwp%2Fv2%2Fcomments&post=393"}],"version-history":[{"count":12,"href":"https:\/\/vpd-betriebsrat.de\/index.php?rest_route=\/wp\/v2\/pages\/393\/revisions"}],"predecessor-version":[{"id":466,"href":"https:\/\/vpd-betriebsrat.de\/index.php?rest_route=\/wp\/v2\/pages\/393\/revisions\/466"}],"up":[{"embeddable":true,"href":"https:\/\/vpd-betriebsrat.de\/index.php?rest_route=\/wp\/v2\/pages\/118"}],"wp:attachment":[{"href":"https:\/\/vpd-betriebsrat.de\/index.php?rest_route=%2Fwp%2Fv2%2Fmedia&parent=393"}],"curies":[{"name":"wp","href":"https:\/\/api.w.org\/{rel}","templated":true}]}}